{"id":5,"date":"2021-04-09T05:48:12","date_gmt":"2021-04-09T03:48:12","guid":{"rendered":"https:\/\/www.brigitte-loesch.de\/buero\/?page_id=5"},"modified":"2025-02-07T08:42:00","modified_gmt":"2025-02-07T07:42:00","slug":"startseite","status":"publish","type":"page","link":"https:\/\/www.brigitte-loesch.de\/buero\/","title":{"rendered":"Startseite"},"content":{"rendered":"\t\t<div data-elementor-type=\"wp-page\" data-elementor-id=\"5\" class=\"elementor elementor-5\" data-elementor-settings=\"[]\">\n\t\t\t\t\t\t\t<div class=\"elementor-section-wrap\">\n\t\t\t\t\t\t\t<section class=\"elementor-section elementor-top-section elementor-element elementor-element-2a50d5f elementor-section-boxed elementor-section-height-default elementor-section-height-default\" data-id=\"2a50d5f\" data-element_type=\"section\">\n\t\t\t\t\t\t<div class=\"elementor-container elementor-column-gap-default\">\n\t\t\t\t\t<div class=\"elementor-column elementor-col-100 elementor-top-column elementor-element elementor-element-7d02d74\" data-id=\"7d02d74\" data-element_type=\"column\" data-settings=\"{&quot;background_background&quot;:&quot;classic&quot;}\">\n\t\t\t<div class=\"elementor-widget-wrap elementor-element-populated\">\n\t\t\t\t\t\t\t\t<section class=\"elementor-section elementor-inner-section elementor-element elementor-element-125c172 elementor-section-boxed elementor-section-height-default elementor-section-height-default\" data-id=\"125c172\" data-element_type=\"section\">\n\t\t\t\t\t\t<div class=\"elementor-container elementor-column-gap-default\">\n\t\t\t\t\t<div class=\"elementor-column elementor-col-50 elementor-inner-column elementor-element elementor-element-f28bfe3\" data-id=\"f28bfe3\" data-element_type=\"column\">\n\t\t\t<div class=\"elementor-widget-wrap\">\n\t\t\t\t\t\t\t\t\t<\/div>\n\t\t<\/div>\n\t\t\t\t<div class=\"elementor-column elementor-col-50 elementor-inner-column elementor-element elementor-element-6d90f2d\" data-id=\"6d90f2d\" data-element_type=\"column\">\n\t\t\t<div class=\"elementor-widget-wrap elementor-element-populated\">\n\t\t\t\t\t\t\t\t<div class=\"elementor-element elementor-element-5c6e4fb elementor-widget elementor-widget-heading\" data-id=\"5c6e4fb\" data-element_type=\"widget\" data-widget_type=\"heading.default\">\n\t\t\t\t<div class=\"elementor-widget-container\">\n\t\t\t<h3 class=\"elementor-heading-title elementor-size-default\">Herzlich willkommen auf meiner Website!<\/h3>\t\t<\/div>\n\t\t\t\t<\/div>\n\t\t\t\t<div class=\"elementor-element elementor-element-c6ee4fe elementor-widget elementor-widget-text-editor\" data-id=\"c6ee4fe\" data-element_type=\"widget\" data-widget_type=\"text-editor.default\">\n\t\t\t\t<div class=\"elementor-widget-container\">\n\t\t\t\t\t<div class=\"elementor-text-editor elementor-clearfix\"><p>Ich freu mich sehr u\u0308ber Ihr Interesse an mir und meiner Arbeit.<\/p><\/div>\n\t\t\t\t<\/div>\n\t\t\t\t<\/div>\n\t\t\t\t\t<\/div>\n\t\t<\/div>\n\t\t\t\t\t\t\t<\/div>\n\t\t<\/section>\n\t\t\t\t\t<\/div>\n\t\t<\/div>\n\t\t\t\t\t\t\t<\/div>\n\t\t<\/section>\n\t\t\t\t<section class=\"elementor-section elementor-top-section elementor-element elementor-element-fc2954d elementor-section-boxed elementor-section-height-default elementor-section-height-default\" data-id=\"fc2954d\" data-element_type=\"section\" data-settings=\"{&quot;animation&quot;:&quot;none&quot;}\">\n\t\t\t\t\t\t<div class=\"elementor-container elementor-column-gap-default\">\n\t\t\t\t\t<div class=\"elementor-column elementor-col-100 elementor-top-column elementor-element elementor-element-ffcbf6b\" data-id=\"ffcbf6b\" data-element_type=\"column\" data-settings=\"{&quot;background_background&quot;:&quot;classic&quot;}\">\n\t\t\t<div class=\"elementor-widget-wrap elementor-element-populated\">\n\t\t\t\t\t\t\t\t<div class=\"elementor-element elementor-element-99f9b2d animated-slow elementor-invisible elementor-widget elementor-widget-image\" data-id=\"99f9b2d\" data-element_type=\"widget\" data-settings=\"{&quot;_animation&quot;:&quot;fadeIn&quot;}\" data-widget_type=\"image.default\">\n\t\t\t\t<div class=\"elementor-widget-container\">\n\t\t\t\t\t<div class=\"elementor-image\">\n\t\t\t\t\t\t\t\t\t\t<img width=\"2069\" height=\"363\" src=\"https:\/\/www.brigitte-loesch.de\/buero\/wp-content\/uploads\/2021\/04\/buerfrauloesch.png\" class=\"attachment-full size-full\" alt=\"\" loading=\"lazy\" srcset=\"https:\/\/www.brigitte-loesch.de\/buero\/wp-content\/uploads\/2021\/04\/buerfrauloesch.png 2069w, https:\/\/www.brigitte-loesch.de\/buero\/wp-content\/uploads\/2021\/04\/buerfrauloesch-300x53.png 300w, https:\/\/www.brigitte-loesch.de\/buero\/wp-content\/uploads\/2021\/04\/buerfrauloesch-1024x180.png 1024w, https:\/\/www.brigitte-loesch.de\/buero\/wp-content\/uploads\/2021\/04\/buerfrauloesch-768x135.png 768w, https:\/\/www.brigitte-loesch.de\/buero\/wp-content\/uploads\/2021\/04\/buerfrauloesch-1536x269.png 1536w, https:\/\/www.brigitte-loesch.de\/buero\/wp-content\/uploads\/2021\/04\/buerfrauloesch-2048x359.png 2048w, https:\/\/www.brigitte-loesch.de\/buero\/wp-content\/uploads\/2021\/04\/buerfrauloesch-1568x275.png 1568w\" sizes=\"(max-width: 2069px) 100vw, 2069px\" style=\"width:100%;height:17.54%;max-width:2069px;\" \/>\t\t\t\t\t\t\t\t\t\t\t<\/div>\n\t\t\t\t<\/div>\n\t\t\t\t<\/div>\n\t\t\t\t\t<\/div>\n\t\t<\/div>\n\t\t\t\t\t\t\t<\/div>\n\t\t<\/section>\n\t\t\t\t<section class=\"elementor-section elementor-top-section elementor-element elementor-element-972bed9 elementor-section-boxed elementor-section-height-default elementor-section-height-default\" data-id=\"972bed9\" data-element_type=\"section\">\n\t\t\t\t\t\t<div class=\"elementor-container elementor-column-gap-default\">\n\t\t\t\t\t<div class=\"elementor-column elementor-col-100 elementor-top-column elementor-element elementor-element-81d6ae2\" data-id=\"81d6ae2\" data-element_type=\"column\" data-settings=\"{&quot;background_background&quot;:&quot;classic&quot;}\">\n\t\t\t<div class=\"elementor-widget-wrap elementor-element-populated\">\n\t\t\t\t\t\t\t\t<section class=\"elementor-section elementor-inner-section elementor-element elementor-element-1fea2e9 elementor-section-boxed elementor-section-height-default elementor-section-height-default\" data-id=\"1fea2e9\" data-element_type=\"section\">\n\t\t\t\t\t\t<div class=\"elementor-container elementor-column-gap-default\">\n\t\t\t\t\t<div class=\"elementor-column elementor-col-50 elementor-inner-column elementor-element elementor-element-8e2ee59\" data-id=\"8e2ee59\" data-element_type=\"column\">\n\t\t\t<div class=\"elementor-widget-wrap\">\n\t\t\t\t\t\t\t\t\t<\/div>\n\t\t<\/div>\n\t\t\t\t<div class=\"elementor-column elementor-col-50 elementor-inner-column elementor-element elementor-element-415e7da\" data-id=\"415e7da\" data-element_type=\"column\">\n\t\t\t<div class=\"elementor-widget-wrap elementor-element-populated\">\n\t\t\t\t\t\t\t\t<div class=\"elementor-element elementor-element-5648db6 elementor-widget elementor-widget-text-editor\" data-id=\"5648db6\" data-element_type=\"widget\" data-widget_type=\"text-editor.default\">\n\t\t\t\t<div class=\"elementor-widget-container\">\n\t\t\t\t\t<div class=\"elementor-text-editor elementor-clearfix\"><p>Auf dieser Seite finden sie meine Kontaktdaten und Informationen \u00fcber meine aktuellen T\u00e4tigkeiten.<\/p><p>Ich habe ein Zertifikatsstudium als Mediatorin abgeschlossen und freue mich auf ihre Anfragen. Dar\u00fcber hinaus stehe ich selbstverst\u00e4ndlich als Sozialp\u00e4dagogin f\u00fcr jegliche Projekte zur Verf\u00fcgung.<\/p><p>Gerne k\u00f6nnen sie mich auch kontaktieren, falls sie eine Moderatorin f\u00fcr ihren Fachtag oder Veranstaltung brauchen.<\/p><\/div>\n\t\t\t\t<\/div>\n\t\t\t\t<\/div>\n\t\t\t\t<div class=\"elementor-element elementor-element-0b7b089 elementor-widget elementor-widget-text-editor\" data-id=\"0b7b089\" data-element_type=\"widget\" data-widget_type=\"text-editor.default\">\n\t\t\t\t<div class=\"elementor-widget-container\">\n\t\t\t\t\t<div class=\"elementor-text-editor elementor-clearfix\"><p>Anfragen und Anregungen gerne per E-Mail an <span style=\"color: #99cc00;\"><a style=\"color: #99cc00;\" href=\"mailto:mail@brigitte-loesch.de\">mail@brigitte-loesch.de <\/a><\/span>oder postalisch: Bu\u0308roFrauL\u00f6sch, Brigitte L\u00f6sch, Sophienstrasse 15, 70178 Stuttgart.<\/p><\/div>\n\t\t\t\t<\/div>\n\t\t\t\t<\/div>\n\t\t\t\t\t<\/div>\n\t\t<\/div>\n\t\t\t\t\t\t\t<\/div>\n\t\t<\/section>\n\t\t\t\t\t<\/div>\n\t\t<\/div>\n\t\t\t\t\t\t\t<\/div>\n\t\t<\/section>\n\t\t\t\t\t\t<\/div>\n\t\t\t\t\t<\/div>\n\t\t","protected":false},"excerpt":{"rendered":"<p>Herzlich willkommen auf meiner Website! Ich freu mich sehr u\u0308ber Ihr Interesse an mir und meiner Arbeit. Auf dieser Seite finden sie meine Kontaktdaten und Informationen \u00fcber meine aktuellen T\u00e4tigkeiten. Ich habe ein Zertifikatsstudium als Mediatorin abgeschlossen und freue mich auf ihre Anfragen. Dar\u00fcber hinaus stehe ich selbstverst\u00e4ndlich als Sozialp\u00e4dagogin f\u00fcr jegliche Projekte zur Verf\u00fcgung.&hellip; <a class=\"more-link\" href=\"https:\/\/www.brigitte-loesch.de\/buero\/\"><span class=\"screen-reader-text\">Startseite<\/span> weiterlesen<\/a><\/p>\n","protected":false},"author":1,"featured_media":0,"parent":0,"menu_order":0,"comment_status":"closed","ping_status":"closed","template":"elementor_header_footer","meta":[],"_links":{"self":[{"href":"https:\/\/www.brigitte-loesch.de\/buero\/wp-json\/wp\/v2\/pages\/5"}],"collection":[{"href":"https:\/\/www.brigitte-loesch.de\/buero\/wp-json\/wp\/v2\/pages"}],"about":[{"href":"https:\/\/www.brigitte-loesch.de\/buero\/wp-json\/wp\/v2\/types\/page"}],"author":[{"embeddable":true,"href":"https:\/\/www.brigitte-loesch.de\/buero\/wp-json\/wp\/v2\/users\/1"}],"replies":[{"embeddable":true,"href":"https:\/\/www.brigitte-loesch.de\/buero\/wp-json\/wp\/v2\/comments?post=5"}],"version-history":[{"count":64,"href":"https:\/\/www.brigitte-loesch.de\/buero\/wp-json\/wp\/v2\/pages\/5\/revisions"}],"predecessor-version":[{"id":215,"href":"https:\/\/www.brigitte-loesch.de\/buero\/wp-json\/wp\/v2\/pages\/5\/revisions\/215"}],"wp:attachment":[{"href":"https:\/\/www.brigitte-loesch.de\/buero\/wp-json\/wp\/v2\/media?parent=5"}],"curies":[{"name":"wp","href":"https:\/\/api.w.org\/{rel}","templated":true}]}}