{"id":154,"date":"2021-04-12T13:13:54","date_gmt":"2021-04-12T11:13:54","guid":{"rendered":"https:\/\/www.brigitte-loesch.de\/buero\/?page_id=154"},"modified":"2025-02-07T08:43:59","modified_gmt":"2025-02-07T07:43:59","slug":"biografie","status":"publish","type":"page","link":"https:\/\/www.brigitte-loesch.de\/buero\/biografie\/","title":{"rendered":"Vita"},"content":{"rendered":"\t\t<div data-elementor-type=\"wp-page\" data-elementor-id=\"154\" class=\"elementor elementor-154\" data-elementor-settings=\"[]\">\n\t\t\t\t\t\t\t<div class=\"elementor-section-wrap\">\n\t\t\t\t\t\t\t<section class=\"elementor-section elementor-top-section elementor-element elementor-element-2a50d5f elementor-section-boxed elementor-section-height-default elementor-section-height-default\" data-id=\"2a50d5f\" data-element_type=\"section\">\n\t\t\t\t\t\t<div class=\"elementor-container elementor-column-gap-default\">\n\t\t\t\t\t<div class=\"elementor-column elementor-col-100 elementor-top-column elementor-element elementor-element-7d02d74\" data-id=\"7d02d74\" data-element_type=\"column\" data-settings=\"{&quot;background_background&quot;:&quot;classic&quot;}\">\n\t\t\t<div class=\"elementor-widget-wrap elementor-element-populated\">\n\t\t\t\t\t\t\t\t<section class=\"elementor-section elementor-inner-section elementor-element elementor-element-125c172 elementor-section-boxed elementor-section-height-default elementor-section-height-default\" data-id=\"125c172\" data-element_type=\"section\">\n\t\t\t\t\t\t<div class=\"elementor-container elementor-column-gap-default\">\n\t\t\t\t\t<div class=\"elementor-column elementor-col-50 elementor-inner-column elementor-element elementor-element-f28bfe3\" data-id=\"f28bfe3\" data-element_type=\"column\">\n\t\t\t<div class=\"elementor-widget-wrap\">\n\t\t\t\t\t\t\t\t\t<\/div>\n\t\t<\/div>\n\t\t\t\t<div class=\"elementor-column elementor-col-50 elementor-inner-column elementor-element elementor-element-6d90f2d\" data-id=\"6d90f2d\" data-element_type=\"column\">\n\t\t\t<div class=\"elementor-widget-wrap elementor-element-populated\">\n\t\t\t\t\t\t\t\t<div class=\"elementor-element elementor-element-5c6e4fb elementor-widget elementor-widget-heading\" data-id=\"5c6e4fb\" data-element_type=\"widget\" data-widget_type=\"heading.default\">\n\t\t\t\t<div class=\"elementor-widget-container\">\n\t\t\t<h3 class=\"elementor-heading-title elementor-size-default\">Biographie<\/h3>\t\t<\/div>\n\t\t\t\t<\/div>\n\t\t\t\t<div class=\"elementor-element elementor-element-c6ee4fe elementor-widget elementor-widget-text-editor\" data-id=\"c6ee4fe\" data-element_type=\"widget\" data-widget_type=\"text-editor.default\">\n\t\t\t\t<div class=\"elementor-widget-container\">\n\t\t\t\t\t<div class=\"elementor-text-editor elementor-clearfix\"><p><strong>Pers\u00f6nliche Angaben:<br \/><\/strong>geboren am 3. Juli 1962 in Geislingen\/Steige; evangelisch; verheiratet<\/p><div><strong>Ausbildung und Beruf<br \/><\/strong>Nach ihrem Abitur im Jahr 1981 studierte Brigitte L\u00f6sch bis 1984 Sozialp\u00e4dagogik an der Berufsakademie Stuttgart. Danach arbeitete Sie als Diplom-Sozialp\u00e4dagogin zehn Jahre lang in der offenen Kinder- und Jugendarbeit, bevor Sie von 1992 bis 1997 als Beauftragte f\u00fcr Suchtprophylaxe beim Kreisjugendamt G\u00f6ppingen t\u00e4tig war.<\/div><div>\u00a0<\/div><div>Von 1997 bis 2001 arbeitete Sie als parlamentarische Beraterin bei den Gr\u00fcnen im Landtag und war dort vor allem f\u00fcr die Bereiche Frauen-, Kinder- und Jugendpolitik zust\u00e4ndig.<\/div><div>\u00a0<\/div><div><strong>Politische T\u00e4tigkeit<br \/><\/strong>Ihre politische Karriere begann Brigitte L\u00f6sch 1989 im Gemeinderat von Geislingen an der Steige, wo Sie bis 1998 Mitglied war. Von 1996 bis 1998 hatte Sie das Amt der Kreisvorsitzenden der Gr\u00fcnen in G\u00f6ppingen inne, von 2000 bis 2005 dass der Gr\u00fcnen in Stuttgart. Von 2003 bis 2015 war Sie Mitglied im Pr\u00e4sidium des Bundesfrauenrates von B\u00fcndnis 90\/Die Gr\u00fcnen<\/div><div>\u00a0<\/div><div>Bei den Landtagswahlen 2001 und 2006 errang sie jeweils ein Zweitmandat im Wahlkreis Stuttgart I. Im Landtag war Sie in der 13, Wahlperiode (2001\u20132006) stellvertretende Vorsitzende und Parlamentarische Gesch\u00e4ftsf\u00fchrerin Ihrer Fraktion. In der 14. Wahlperiode (2006\u20132011) war sie Vorsitzende des Sozialausschusses und ab Juni 2007 Mitglied im Europaausschuss.<strong><br \/><\/strong><br \/>Im M\u00e4rz 2010 kandidierte L\u00f6sch f\u00fcr das Amt der Oberb\u00fcrgermeisterin von Ravensburg. Im ersten Wahlgang erreichte Sie 15 Prozent der Stimmen und trat daraufhin zum zweiten Wahlgang am 28. M\u00e4rz 2010 nicht mehr an.<\/div><p>Bei der Landtagswahlen 2011 und 2016 gewann sie jeweils das Direktmandat im Wahlkreis Stuttgart IV. Zu Beginn der 15. Wahlperiode am 11. Mai 2011 wurde Sie zur Ersten stellvertretenden Pr\u00e4sidentin gew\u00e4hlt. Das Amt \u00fcbte sie bis zum Ende der Legislatur aus. Sie war die erste gr\u00fcne Vizepr\u00e4sidentin des Landtages Baden-W\u00fcrttemberg.<\/p><p>Von 2016 bis 2021war sie Vorsitzende im Ausschuss f\u00fcr Kultus, Jugend und Sport und queerpolitische Sprecherin der Gr\u00fcnen Landtagsfraktion.<\/p><p>Im November 2019 teilte Brigitte L\u00f6sch ihrer Partei mit nicht mehr f\u00fcr die n\u00e4chste Landtagsperiode zu kandidieren, und nochmals eine neue berufliche Herausforderung zu suchen.<\/p><p><strong>Sonstige Mitgliedschaften und \u00c4mter<\/strong><br \/>Ehrenamtlich engagiert ist Brigitte L\u00f6sch vor allem in frauenpolitischen Initiativen, im sozialen Bereich und in kulturellen Vereinen. Seit vielen Jahren engagiert Sie sich als Beiratsmitglied f\u00fcr das Theaterhaus Stuttgart und im Vorstand der Stiftung Theaterhaus. Au\u00dferdem war sie Schirmherrin des Fraueninformationszentrums \u2013 FIZ Stuttgart, die bei Menschenhandel und Arbeitsausbeutung von Migrantinnen beraten.<\/p><p>L\u00f6sch war von 2017 bis 2022 Vorsitzende des Stiftungsrates der Samariterstiftung N\u00fcrtingen. Von 2013 bis 2019 war sie gew\u00e4hltes Mitglied der Landessynode der Evangelischen Landeskirche W\u00fcrttemberg. \u2013 und Mitglied des Gespr\u00e4chkreises Offene Kirche.<\/p><p>Brigitte L\u00f6sch bekleidete in ihrer Funktion als Landtagsabgeordnete weiter \u00c4mter und hatte den Beirat der Kunststiftung inne, au\u00dferdem war sie Mitglied im Verwaltungsrat der Staatstheater und im Beirat der Akademie Solitude.<\/p><p>Seit 2016 ist Brigitte L\u00f6sch Verwaltungsratsvorsitzende des vij \u2013 Verein Internationale Jugendarbeit in Stuttgart.<\/p><p>Seit Ausscheiden aus dem Landtag 2021 bekleidet Brigitte L\u00f6sch den Vorsitz der Initiative Lern- und Gedenkort Hotel Silber.<\/p><\/div>\n\t\t\t\t<\/div>\n\t\t\t\t<\/div>\n\t\t\t\t\t<\/div>\n\t\t<\/div>\n\t\t\t\t\t\t\t<\/div>\n\t\t<\/section>\n\t\t\t\t\t<\/div>\n\t\t<\/div>\n\t\t\t\t\t\t\t<\/div>\n\t\t<\/section>\n\t\t\t\t\t\t<\/div>\n\t\t\t\t\t<\/div>\n\t\t","protected":false},"excerpt":{"rendered":"<p>Biographie Pers\u00f6nliche Angaben:geboren am 3. Juli 1962 in Geislingen\/Steige; evangelisch; verheiratet Ausbildung und BerufNach ihrem Abitur im Jahr 1981 studierte Brigitte L\u00f6sch bis 1984 Sozialp\u00e4dagogik an der Berufsakademie Stuttgart. Danach arbeitete Sie als Diplom-Sozialp\u00e4dagogin zehn Jahre lang in der offenen Kinder- und Jugendarbeit, bevor Sie von 1992 bis 1997 als Beauftragte f\u00fcr Suchtprophylaxe beim Kreisjugendamt&hellip; <a class=\"more-link\" href=\"https:\/\/www.brigitte-loesch.de\/buero\/biografie\/\"><span class=\"screen-reader-text\">Vita<\/span> weiterlesen<\/a><\/p>\n","protected":false},"author":1,"featured_media":0,"parent":0,"menu_order":0,"comment_status":"closed","ping_status":"closed","template":"elementor_header_footer","meta":[],"_links":{"self":[{"href":"https:\/\/www.brigitte-loesch.de\/buero\/wp-json\/wp\/v2\/pages\/154"}],"collection":[{"href":"https:\/\/www.brigitte-loesch.de\/buero\/wp-json\/wp\/v2\/pages"}],"about":[{"href":"https:\/\/www.brigitte-loesch.de\/buero\/wp-json\/wp\/v2\/types\/page"}],"author":[{"embeddable":true,"href":"https:\/\/www.brigitte-loesch.de\/buero\/wp-json\/wp\/v2\/users\/1"}],"replies":[{"embeddable":true,"href":"https:\/\/www.brigitte-loesch.de\/buero\/wp-json\/wp\/v2\/comments?post=154"}],"version-history":[{"count":26,"href":"https:\/\/www.brigitte-loesch.de\/buero\/wp-json\/wp\/v2\/pages\/154\/revisions"}],"predecessor-version":[{"id":218,"href":"https:\/\/www.brigitte-loesch.de\/buero\/wp-json\/wp\/v2\/pages\/154\/revisions\/218"}],"wp:attachment":[{"href":"https:\/\/www.brigitte-loesch.de\/buero\/wp-json\/wp\/v2\/media?parent=154"}],"curies":[{"name":"wp","href":"https:\/\/api.w.org\/{rel}","templated":true}]}}